{"id":7,"date":"2020-03-11T16:08:11","date_gmt":"2020-03-11T15:08:11","guid":{"rendered":"https:\/\/iso-partner.fr\/?page_id=7"},"modified":"2025-02-14T10:40:27","modified_gmt":"2025-02-14T09:40:27","slug":"accueil","status":"publish","type":"page","link":"https:\/\/iso-partner.fr\/en\/","title":{"rendered":"Home"},"content":{"rendered":"<!-- hero -->\n<div class=\"swiper-container slider-accueil\">\n    <!-- Additional required wrapper -->\n    <div class=\"swiper-wrapper\">\n        <!-- Slides -->\n                \n        <div class=\"swiper-slide\">\n\t        <div class=\"swiper__text\">\n\t\t        <b>secure warehouse <\/b> spanning 4000 m2\t        <\/div>\n\t        <div class=\"overlay\"><\/div>\n\t        <figure>\n\t        \t<img decoding=\"async\" src=\"https:\/\/iso-partner.fr\/en\/wp-content\/uploads\/sites\/2\/2021\/11\/iso-partner-slide1@2x.jpg\" alt=\"Colis entrepos\u00e9s chez Iso Partner\" width=\"100%\" \/>\n\t        <\/figure>\n\t    <\/div>\n\t    \n\t            \n        <div class=\"swiper-slide\">\n\t        <div class=\"swiper__text\">\n\t\t        A fleet of vehicles available <b>24\/7<\/b>\t        <\/div>\n\t        <div class=\"overlay\"><\/div>\n\t        <figure>\n\t        \t<img decoding=\"async\" src=\"https:\/\/iso-partner.fr\/en\/wp-content\/uploads\/sites\/2\/2020\/10\/iso-partner-accueil-4.jpg\" alt=\"Flotte de v\u00e9hicules Iso Partner\" width=\"100%\" \/>\n\t        <\/figure>\n\t    <\/div>\n\t    \n\t            \n        <div class=\"swiper-slide\">\n\t        <div class=\"swiper__text\">\n\t\t        <b>An analytical approach<\/b><br> to your requirements\t        <\/div>\n\t        <div class=\"overlay\"><\/div>\n\t        <figure>\n\t        \t<img decoding=\"async\" src=\"https:\/\/iso-partner.fr\/en\/wp-content\/uploads\/sites\/2\/2020\/07\/iso-partner-accueil-7.jpg\" alt=\"Collaborateu Iso Partner se servant de son clavier d'ordinateur\" width=\"100%\" \/>\n\t        <\/figure>\n\t    <\/div>\n\t    \n\t            \n        <div class=\"swiper-slide\">\n\t        <div class=\"swiper__text\">\n\t\t        The ability to handle <b>additional tasks<\/b><br> alongside logistics\t        <\/div>\n\t        <div class=\"overlay\"><\/div>\n\t        <figure>\n\t        \t<img decoding=\"async\" src=\"https:\/\/iso-partner.fr\/en\/wp-content\/uploads\/sites\/2\/2020\/10\/iso-partner-accueil-8.jpg\" alt=\"Collaborateur Iso Partner effectuant un contr\u00f4le qualit\u00e9\" width=\"100%\" \/>\n\t        <\/figure>\n\t    <\/div>\n\t    \n\t            \n        <div class=\"swiper-slide\">\n\t        <div class=\"swiper__text\">\n\t\t        <b>30 years of experience<\/b> meeting your needs\t        <\/div>\n\t        <div class=\"overlay\"><\/div>\n\t        <figure>\n\t        \t<img decoding=\"async\" src=\"https:\/\/iso-partner.fr\/en\/wp-content\/uploads\/sites\/2\/2021\/01\/iso-partner-accueil-6.jpg\" alt=\"Colis entrepos\u00e9s chez Iso Partner\" width=\"100%\" \/>\n\t        <\/figure>\n\t    <\/div>\n\t    \n\t        <\/div>\n    <!-- If we need pagination -->\n    <div class=\"swiper-pagination\"><\/div>\n\n    <!-- If we need navigation buttons -->\n    <div class=\"swiper-button-prev\"><\/div>\n    <div class=\"swiper-button-next\"><\/div>\n\n    <!-- If we need scrollbar -->\n    <div class=\"swiper-scrollbar\"><\/div>\n<\/div>\n\n\n<div class=\"container-fluid metiers\">\n\t<div class=\"row\">\n\t\t<div class=\"col-lg-6 col-md-6 col-sm-12 separ\">\n\t\t\t\n\t\t\t<h2>Logistics<\/h2>\n\t\t\t<p>Iso Partner manages your logistics needs from a modern, secure warehouse spanning 4,000 m<sup>2<\/sup>.\nA team of professionals advises and guides you in setting up inventory management solutions tailored to your needs.\n<\/p>\n\t\t\t<p>\n\t\t\t\t<a href=\"\/en\/logistics\">Read more<\/a>\n\t\t\t<\/p>\n\t\t\t\n\t\t\t\n\t\t<\/div>\n\t\t<div class=\"col-lg-6 col-md-6 col-sm-12 separ\">\n\t\t\t<h2>Transport<\/h2>\n\t\t\t<p>Whatever your business sector, Iso Partner offers a wide range of transport options: expedited deliveries, dedicated and customer deliveries, parcel service shipments, freight shipments and international shipments. \n<\/p>\n\t\t\t<p>\n\t\t\t\t<a href=\"\/en\/transport\">Read more<\/a>\n\t\t\t<\/p>\n\t\t<\/div>\n\t<\/div>\n<\/div>\n\n<section class=\"light-grey\">\n\t\n\t<div class=\"container-fluid\">\n\t\t\n\t\t<div class=\"row\">\n\t\t\t\t\t\t<div class=\"col-lg-4 col-md-4 col-sm-12 p-0\">\n\t\t\t\t<figure>\n\t\t\t\t\t<img decoding=\"async\" src=\"https:\/\/iso-partner.fr\/en\/wp-content\/uploads\/sites\/2\/2020\/07\/iso-partner-la-plus-value.jpg\" alt=\"Collaborateur Iso Partner saisissant un bon de transport\" width=\"100%\" class=\"height-auto\">\n\t\t\t\t<\/figure>\n\t\t\t<\/div>\n\t\t\t\t\t\t<div class=\"col-lg-8 col-md-8 col-sm-12 section-contenu\">\n\t\t\t\t<h3>The value-added of Iso Partner<\/h3>\n\t\t\t\t<p><p>Iso Partner relies on its 30 years of experience to offer you more than just transport and logistics services. Iso Partner is a team of experienced professionals proficient in French, English and Spanish, who are available on call 24\/7 and can handle additional tasks such as:<\/p>\n<ul>\n<li>Technical services<\/li>\n<li>Administrative services<\/li>\n<li>Analysis of requirements: assessment, advice, implementation<\/li>\n<\/ul>\n<\/p>\n\t\t\t\t\n\t\t\t\t\t\t\t\t<p>\n\t\t\t\t\t<a class=\"link\" href=\"https:\/\/iso-partner.fr\/en\/about-iso-partner\/\" title=\"link-title\">Learn more<\/a>\n\t\t\t\t<\/p>\n\t\t\t\t\t\t\t<\/div>\n\t\t\t\t\t<\/div>\n\t\n\t<\/div>\n\t\n<\/section>\n\n<section class=\"clear\">\n\t\n\t<div class=\"container-fluid\">\n\t\t\n\t\t<div class=\"row\">\n\t\t\t\t\t\t<div class=\"col-lg-8 col-md-8 col-sm-12 section-contenu\">\n\t\t\t\t<h3>A national network<\/h3>\n\t\t\t\t<p><p>12 locations across France that enable you to:<\/p>\n<ul>\n<li>Access strategic inventory stored locally<\/li>\n<li>Send urgent shipments to your customers and technicians 24\/7 on DATA CENTER<\/li>\n<li>Ensure dedicated delivery and pick-up at sensitive sites<\/li>\n<\/ul><\/p>\n\t\t\t\t\n\t\t\t\t\t\t\t<\/div>\n\t\t\t\t\t\t<div class=\"col-lg-4 col-md-4 col-sm-12 p-0\">\n\t\t\t\t<figure>\n\t\t\t\t\t<img decoding=\"async\" src=\"https:\/\/iso-partner.fr\/en\/wp-content\/uploads\/sites\/2\/2021\/03\/CARTE-DE-FRANCE-v2.png\" alt=\"Carte du maillage national Iso Partner\" width=\"100%\">\n\t\t\t\t<\/figure>\n\t\t\t<\/div>\n\t\t\t\t\t<\/div>\n\t\n\t<\/div>\n\t\n<\/section>","protected":false},"excerpt":{"rendered":"<p>Iso Partner \u2013 Specialist in transport, logistics and storage<br \/>\nFor 25 years, Iso Partner has offered a wide range of transport, logistics, storage and expedited delivery services, as well as many other custom solutions<\/p>\n","protected":false},"author":1,"featured_media":97,"parent":0,"menu_order":0,"comment_status":"closed","ping_status":"closed","template":"page-accueil.php","meta":{"footnotes":""},"categories":[],"class_list":["post-7","page","type-page","status-publish","has-post-thumbnail","hentry"],"yoast_head":"<!-- This site is optimized with the Yoast SEO plugin v27.1.1 - https:\/\/yoast.com\/product\/yoast-seo-wordpress\/ -->\n<title>Iso Partner \u2013 Sp\u00e9cialiste en transport, logistique, stockage<\/title>\n<meta name=\"description\" content=\"Depuis 25 ans, Iso Partner propose des prestations diversifi\u00e9es de transport, logistique, stockage, courses urgentes et bien d&#039;autres services sp\u00e9cifiques\" \/>\n<meta name=\"robots\" content=\"index, follow, max-snippet:-1, max-image-preview:large, max-video-preview:-1\" \/>\n<link rel=\"canonical\" href=\"https:\/\/iso-partner.fr\/en\/\" \/>\n<meta property=\"og:locale\" content=\"en_GB\" \/>\n<meta property=\"og:type\" content=\"article\" \/>\n<meta property=\"og:title\" content=\"Iso Partner \u2013 Sp\u00e9cialiste en transport, logistique, stockage\" \/>\n<meta property=\"og:description\" content=\"Depuis 25 ans, Iso Partner propose des prestations diversifi\u00e9es de transport, logistique, stockage, courses urgentes et bien d&#039;autres services sp\u00e9cifiques\" \/>\n<meta property=\"og:url\" content=\"https:\/\/iso-partner.fr\/en\/\" \/>\n<meta property=\"og:site_name\" content=\"Iso Partner [EN]\" \/>\n<meta property=\"article:modified_time\" content=\"2025-02-14T09:40:27+00:00\" \/>\n<meta property=\"og:image\" content=\"https:\/\/iso-partner.fr\/en\/wp-content\/uploads\/sites\/2\/2020\/07\/iso-partner-accueil-3.jpg\" \/>\n\t<meta property=\"og:image:width\" content=\"1920\" \/>\n\t<meta property=\"og:image:height\" content=\"689\" \/>\n\t<meta property=\"og:image:type\" content=\"image\/jpeg\" \/>\n<meta name=\"twitter:card\" content=\"summary_large_image\" \/>\n<script type=\"application\/ld+json\" class=\"yoast-schema-graph\">{\"@context\":\"https:\/\/schema.org\",\"@graph\":[{\"@type\":\"WebPage\",\"@id\":\"https:\/\/iso-partner.fr\/en\/\",\"url\":\"https:\/\/iso-partner.fr\/en\/\",\"name\":\"Iso Partner \u2013 Sp\u00e9cialiste en transport, logistique, stockage\",\"isPartOf\":{\"@id\":\"https:\/\/iso-partner.fr\/en\/#website\"},\"primaryImageOfPage\":{\"@id\":\"https:\/\/iso-partner.fr\/en\/#primaryimage\"},\"image\":{\"@id\":\"https:\/\/iso-partner.fr\/en\/#primaryimage\"},\"thumbnailUrl\":\"https:\/\/iso-partner.fr\/en\/wp-content\/uploads\/sites\/2\/2020\/07\/iso-partner-accueil-3.jpg\",\"datePublished\":\"2020-03-11T15:08:11+00:00\",\"dateModified\":\"2025-02-14T09:40:27+00:00\",\"description\":\"Depuis 25 ans, Iso Partner propose des prestations diversifi\u00e9es de transport, logistique, stockage, courses urgentes et bien d'autres services sp\u00e9cifiques\",\"breadcrumb\":{\"@id\":\"https:\/\/iso-partner.fr\/en\/#breadcrumb\"},\"inLanguage\":\"en-GB\",\"potentialAction\":[{\"@type\":\"ReadAction\",\"target\":[\"https:\/\/iso-partner.fr\/en\/\"]}]},{\"@type\":\"ImageObject\",\"inLanguage\":\"en-GB\",\"@id\":\"https:\/\/iso-partner.fr\/en\/#primaryimage\",\"url\":\"https:\/\/iso-partner.fr\/en\/wp-content\/uploads\/sites\/2\/2020\/07\/iso-partner-accueil-3.jpg\",\"contentUrl\":\"https:\/\/iso-partner.fr\/en\/wp-content\/uploads\/sites\/2\/2020\/07\/iso-partner-accueil-3.jpg\",\"width\":1920,\"height\":689},{\"@type\":\"BreadcrumbList\",\"@id\":\"https:\/\/iso-partner.fr\/en\/#breadcrumb\",\"itemListElement\":[{\"@type\":\"ListItem\",\"position\":1,\"name\":\"Accueil\",\"item\":\"https:\/\/iso-partner.fr\/en\/\"},{\"@type\":\"ListItem\",\"position\":2,\"name\":\"Home\"}]},{\"@type\":\"WebSite\",\"@id\":\"https:\/\/iso-partner.fr\/en\/#website\",\"url\":\"https:\/\/iso-partner.fr\/en\/\",\"name\":\"Iso Partner [EN]\",\"description\":\"Un site utilisant Les sites de Iso Partner\",\"potentialAction\":[{\"@type\":\"SearchAction\",\"target\":{\"@type\":\"EntryPoint\",\"urlTemplate\":\"https:\/\/iso-partner.fr\/en\/?s={search_term_string}\"},\"query-input\":{\"@type\":\"PropertyValueSpecification\",\"valueRequired\":true,\"valueName\":\"search_term_string\"}}],\"inLanguage\":\"en-GB\"}]}<\/script>\n<!-- \/ Yoast SEO plugin. -->","yoast_head_json":{"title":"Iso Partner \u2013 Sp\u00e9cialiste en transport, logistique, stockage","description":"Depuis 25 ans, Iso Partner propose des prestations diversifi\u00e9es de transport, logistique, stockage, courses urgentes et bien d'autres services sp\u00e9cifiques","robots":{"index":"index","follow":"follow","max-snippet":"max-snippet:-1","max-image-preview":"max-image-preview:large","max-video-preview":"max-video-preview:-1"},"canonical":"https:\/\/iso-partner.fr\/en\/","og_locale":"en_GB","og_type":"article","og_title":"Iso Partner \u2013 Sp\u00e9cialiste en transport, logistique, stockage","og_description":"Depuis 25 ans, Iso Partner propose des prestations diversifi\u00e9es de transport, logistique, stockage, courses urgentes et bien d'autres services sp\u00e9cifiques","og_url":"https:\/\/iso-partner.fr\/en\/","og_site_name":"Iso Partner [EN]","article_modified_time":"2025-02-14T09:40:27+00:00","og_image":[{"width":1920,"height":689,"url":"https:\/\/iso-partner.fr\/en\/wp-content\/uploads\/sites\/2\/2020\/07\/iso-partner-accueil-3.jpg","type":"image\/jpeg"}],"twitter_card":"summary_large_image","schema":{"@context":"https:\/\/schema.org","@graph":[{"@type":"WebPage","@id":"https:\/\/iso-partner.fr\/en\/","url":"https:\/\/iso-partner.fr\/en\/","name":"Iso Partner \u2013 Sp\u00e9cialiste en transport, logistique, stockage","isPartOf":{"@id":"https:\/\/iso-partner.fr\/en\/#website"},"primaryImageOfPage":{"@id":"https:\/\/iso-partner.fr\/en\/#primaryimage"},"image":{"@id":"https:\/\/iso-partner.fr\/en\/#primaryimage"},"thumbnailUrl":"https:\/\/iso-partner.fr\/en\/wp-content\/uploads\/sites\/2\/2020\/07\/iso-partner-accueil-3.jpg","datePublished":"2020-03-11T15:08:11+00:00","dateModified":"2025-02-14T09:40:27+00:00","description":"Depuis 25 ans, Iso Partner propose des prestations diversifi\u00e9es de transport, logistique, stockage, courses urgentes et bien d'autres services sp\u00e9cifiques","breadcrumb":{"@id":"https:\/\/iso-partner.fr\/en\/#breadcrumb"},"inLanguage":"en-GB","potentialAction":[{"@type":"ReadAction","target":["https:\/\/iso-partner.fr\/en\/"]}]},{"@type":"ImageObject","inLanguage":"en-GB","@id":"https:\/\/iso-partner.fr\/en\/#primaryimage","url":"https:\/\/iso-partner.fr\/en\/wp-content\/uploads\/sites\/2\/2020\/07\/iso-partner-accueil-3.jpg","contentUrl":"https:\/\/iso-partner.fr\/en\/wp-content\/uploads\/sites\/2\/2020\/07\/iso-partner-accueil-3.jpg","width":1920,"height":689},{"@type":"BreadcrumbList","@id":"https:\/\/iso-partner.fr\/en\/#breadcrumb","itemListElement":[{"@type":"ListItem","position":1,"name":"Accueil","item":"https:\/\/iso-partner.fr\/en\/"},{"@type":"ListItem","position":2,"name":"Home"}]},{"@type":"WebSite","@id":"https:\/\/iso-partner.fr\/en\/#website","url":"https:\/\/iso-partner.fr\/en\/","name":"Iso Partner [EN]","description":"Un site utilisant Les sites de Iso Partner","potentialAction":[{"@type":"SearchAction","target":{"@type":"EntryPoint","urlTemplate":"https:\/\/iso-partner.fr\/en\/?s={search_term_string}"},"query-input":{"@type":"PropertyValueSpecification","valueRequired":true,"valueName":"search_term_string"}}],"inLanguage":"en-GB"}]}},"_links":{"self":[{"href":"https:\/\/iso-partner.fr\/en\/wp-json\/wp\/v2\/pages\/7","targetHints":{"allow":["GET"]}}],"collection":[{"href":"https:\/\/iso-partner.fr\/en\/wp-json\/wp\/v2\/pages"}],"about":[{"href":"https:\/\/iso-partner.fr\/en\/wp-json\/wp\/v2\/types\/page"}],"author":[{"embeddable":true,"href":"https:\/\/iso-partner.fr\/en\/wp-json\/wp\/v2\/users\/1"}],"replies":[{"embeddable":true,"href":"https:\/\/iso-partner.fr\/en\/wp-json\/wp\/v2\/comments?post=7"}],"version-history":[{"count":33,"href":"https:\/\/iso-partner.fr\/en\/wp-json\/wp\/v2\/pages\/7\/revisions"}],"predecessor-version":[{"id":380,"href":"https:\/\/iso-partner.fr\/en\/wp-json\/wp\/v2\/pages\/7\/revisions\/380"}],"wp:featuredmedia":[{"embeddable":true,"href":"https:\/\/iso-partner.fr\/en\/wp-json\/wp\/v2\/media\/97"}],"wp:attachment":[{"href":"https:\/\/iso-partner.fr\/en\/wp-json\/wp\/v2\/media?parent=7"}],"wp:term":[{"taxonomy":"category","embeddable":true,"href":"https:\/\/iso-partner.fr\/en\/wp-json\/wp\/v2\/categories?post=7"}],"curies":[{"name":"wp","href":"https:\/\/api.w.org\/{rel}","templated":true}]}}