{"id":68,"date":"2020-04-02T16:57:48","date_gmt":"2020-04-02T14:57:48","guid":{"rendered":"https:\/\/iso-partner.fr\/?page_id=68"},"modified":"2025-02-14T10:43:01","modified_gmt":"2025-02-14T09:43:01","slug":"logistics-inventory-management","status":"publish","type":"page","link":"https:\/\/iso-partner.fr\/en\/logistics-inventory-management\/","title":{"rendered":"Logistics"},"content":{"rendered":"<section class=\"white\">\n\t\n\t<div class=\"container\">\n\t\t<div class=\"row intro\">\n\t\t\t<div class=\"col-lg-12 col-md-12 col-sm-12 mx-0 px-0\">\n\t\t\t\t<h2>Storage you can count on<\/h2>\n\t\t\t\t<h3>\n\t\t\t\t\n\t\t\t\t\tChoosing the right logistics provider is key\u2014inventory management is an integral part of keeping your business running smoothly, especially when paired with <a href=\"\/transport\">an efficient transport and delivery system<\/a>.\t\t\t\t\n\t\t\t\t<\/h3>\n\t\t\t<\/div>\n\t\t<\/div>\n\t\t\t\t<div class=\"row intro\">\n\t\t\t<div class=\"col-lg-4 col-md-4 col-sm-12 text-center\">\n<!--\n\t\t\t\t<figure>\n\t\t\t\t\t<img decoding=\"async\" src=\"https:\/\/iso-partner.fr\/en\/wp-content\/uploads\/sites\/2\/2020\/04\/iso-partner-logistique-stockage.jpg\" alt=\"\" width=\"150\" \/>\n\t\t\t\t<\/figure>\n-->\t\n\t\t\t\t<img decoding=\"async\" src=\"https:\/\/iso-partner.fr\/en\/wp-content\/uploads\/sites\/2\/2020\/04\/iso-partner-logistique-stockage.jpg\" alt=\"Dedicated storage\" width=\"150\" \/>\n\t\t\t<\/div>\n\t\t\t<div class=\"col-lg-4 col-md-4 col-sm-12 text-center\">\n<!--\n\t\t\t\t<figure class=\"text-center\">\n\t\t\t\t\t<img decoding=\"async\" src=\"https:\/\/iso-partner.fr\/en\/wp-content\/uploads\/sites\/2\/2020\/04\/iso-partner-logistique-gestion.jpg\" alt=\"\" width=\"90\" \/>\n\t\t\t\t<\/figure>\n-->\t\n\t\t\t\t<img decoding=\"async\" src=\"https:\/\/iso-partner.fr\/en\/wp-content\/uploads\/sites\/2\/2020\/04\/iso-partner-logistique-gestion.jpg\" alt=\"Computerized inventory management\" width=\"90\" \/>\n\t\t\t<\/div>\n\t\t\t<div class=\"col-lg-4 col-md-4 col-sm-12 text-center\">\n<!--\n\t\t\t\t<figure>\n\t\t\t\t\t<img decoding=\"async\" src=\"https:\/\/iso-partner.fr\/en\/wp-content\/uploads\/sites\/2\/2020\/04\/iso-partner-logistique-securite.jpg\" alt=\"\" width=\"90\" \/>\n\t\t\t\t<\/figure>\n-->\t\n\t\t\t\t<img decoding=\"async\" src=\"https:\/\/iso-partner.fr\/en\/wp-content\/uploads\/sites\/2\/2020\/04\/iso-partner-logistique-securite.jpg\" alt=\"Secure warehouse\" width=\"90\" \/>\n\t\t\t<\/div>\n\t\t<\/div>\n\t\t<div class=\"row intro\">\n\t\t\t<div class=\"col-lg-4 col-md-4 col-sm-12 text-center\">\t\n\t\t\t\t<h3>Dedicated storage<\/h3>\n\t\t\t<\/div>\n\t\t\t<div class=\"col-lg-4 col-md-4 col-sm-12 text-center\">\n\t\t\t\t<h3>Computerized inventory management<\/h3>\n\t\t\t<\/div>\n\t\t\t<div class=\"col-lg-4 col-md-4 col-sm-12 text-center\">\n\t\t\t\t<h3>Secure warehouse<\/h3>\n\t\t\t<\/div>\n\t\t<\/div>\n\t\t\t<\/div>\n\t\n<\/section>\n\n<section class=\"light-grey\">\n\t\n\t<div class=\"container-fluid\">\n\t\t\n\t\t<div class=\"row\">\n\t\t\t\t\t\t<div class=\"col-lg-8 col-md-8 col-sm-12 section-contenu\">\n\t\t\t\t<h3>Logistics designed for you<\/h3>\n\t\t\t\t<p><p>Iso Partner provides you with a dedicated storage area in a modern, well-maintained facility in line with your requirements.<p>\n\n<p>ISO Partner also offers:<\/p>\n<ul>\n<li>critical logistics, under a service-level agreement<\/li>\n<li>strategic storage near from DATA CENTER for every major city in France, for very short local lead times (24\/7 on-call service) <\/li>\n<li>expertise in spare parts, high-tech, medical, marketing and POS displays, non-food raw materials, and more<\/li>\n<li>computerized inventory management using your regular system or one that we provide<\/li>\n<li>a stable, dedicated team focused on a single goal: continuous improvement<\/li>\n<li>English- and Spanish-speaking staff<\/li>\n\n<\/ul><\/p>\n\t\t\t\t\n\t\t\t\t\t\t\t<\/div>\n\t\t\t\t\t\t<div class=\"col-lg-4 col-md-4 col-sm-12 p-0\">\n\t\t\t\t<figure>\n\t\t\t\t\t<img decoding=\"async\" src=\"https:\/\/iso-partner.fr\/en\/wp-content\/uploads\/sites\/2\/2020\/10\/iso-partner-logistique-espace-optimise.jpg\" alt=\"An optimized, dedicated storage area\" width=\"100%\">\n\t\t\t\t<\/figure>\n\t\t\t<\/div>\n\t\t\t\t\t<\/div>\n\t\n\t<\/div>\n\t\n<\/section>\n\n<section class=\"clear\">\n\t\n\t<div class=\"container-fluid\">\n\t\t\n\t\t<div class=\"row\">\n\t\t\t\t\t\t<div class=\"col-lg-4 col-md-4 col-sm-12 p-0\">\n\t\t\t\t<figure>\n\t\t\t\t\t<img decoding=\"async\" src=\"https:\/\/iso-partner.fr\/en\/wp-content\/uploads\/sites\/2\/2020\/09\/iso-partner-logistique-cahier-charges-2.jpg\" alt=\"Collaborateur Iso Partner effectuant une proc\u00e9dure particuli\u00e8re de contr\u00f4le qualit\u00e9\" width=\"100%\" class=\"height-auto\">\n\t\t\t\t<\/figure>\n\t\t\t<\/div>\n\t\t\t\t\t\t<div class=\"col-lg-8 col-md-8 col-sm-12 section-contenu\">\n\t\t\t\t<h3>A personalized approach to fulfilling your needs<\/h3>\n\t\t\t\t<p><p>\nA custom-tailored process is developed for each customer, led by logistics coordinators dedicated to managing and monitoring your business operations:<p>\n\n<ul>\n<li>support services designed to meet your specific needs<\/li>\n<li>returns management<\/li>\n<li>technical services: maintenance, installation, upkeep<\/li>\n<li>quality control<\/li>\n<li>repackaging and relabeling<\/li>\n<li>roll-out schedule management<\/li>\n<li>administrative tasks<\/li>\n<li>Reworking, int\u00e9gration<\/li>\n<\/ul><\/p>\n\t\t\t\t\n\t\t\t\t\t\t\t<\/div>\n\t\t\t\t\t<\/div>\n\t\n\t<\/div>\n\t\n<\/section>\n\n<section class=\"highlight bkg-light-orange\">\n\t\n\t<div class=\"container\">\n\t\t<div class=\"row\">\n\t\t\t<div class=\"col-lg-2 col-md-3 col-sm-12\">\n\t\t\t\t<img decoding=\"async\" src=\"https:\/\/iso-partner.fr\/en\/wp-content\/uploads\/sites\/2\/2020\/04\/iso-partner-logistique-service-intervention.png\" width=\"100%\" alt=\"Pictogramme 24h\/24 et 7j\/7\">\t\t\t\t\t\t\n\t\t\t<\/div>\n\t\t\t<div class=\"col-lg-10 col-md-9 col-sm-12\">\n\t\t\t\t<h3>24\/7 on-call service<\/h3>\n\t\t\t\t<p>Outside normal working hours, we fulfill requests at our depots within an hour of your call and handle <a href=\"\/transport\" title=\"Transport by Iso Partner\">the delivery of your products to their destination<\/a>.<\/p>\n\t\t\t<\/div>\n\t\t<\/div>\n\t<\/div>\n<\/section>\n\n<section class=\"question bkg-orange\">\n\t<div class=\"container\">\n\t\t<div class=\"row\">\n\t\t\t<div class=\"col-lg-8 col-md-8 col-sm-12\">\n\t\t\t\t<h3>Have a question or a specific request?<\/h3>\t\t\t\t\t\n\t\t\t<\/div>\n\t\t\t<div class=\"col-lg-4 col-md-4 col-sm-12\">\n<!-- \t\t\t\t<a href=\"\/contact\" class=\"btn btn-isogris\" title=\"Contactez-nous\">Contactez-nous<\/a> -->\n\t\t\t\t<button class=\"btn btn-isogris\" onclick=\"location.href='+en\/contact+';\" class=\"btn btn-gris\">Contact us<\/button>\n\t\t\t<\/div>\n\t\t<\/div>\n\t<\/div>\n<\/section>","protected":false},"excerpt":{"rendered":"<p>Iso Partner \u2013 Your partner for logistics and inventory management<br \/>\n25 years of expertise in logistics and inventory management at a secure warehouse ideally located in the Paris region<\/p>\n","protected":false},"author":1,"featured_media":211,"parent":0,"menu_order":10,"comment_status":"closed","ping_status":"closed","template":"","meta":{"footnotes":""},"categories":[],"class_list":["post-68","page","type-page","status-publish","has-post-thumbnail","hentry"],"yoast_head":"<!-- This site is optimized with the Yoast SEO plugin v27.1.1 - https:\/\/yoast.com\/product\/yoast-seo-wordpress\/ -->\n<title>Iso Partner \u2013 Votre partenaire logisitique et gestion de stock<\/title>\n<meta name=\"description\" content=\"Un savoir-faire de 25 ans en logistique et gestion de stock dans un entrep\u00f4t s\u00e9curis\u00e9 id\u00e9alement situ\u00e9 en r\u00e9gion parisienne\" \/>\n<meta name=\"robots\" content=\"index, follow, max-snippet:-1, max-image-preview:large, max-video-preview:-1\" \/>\n<link rel=\"canonical\" href=\"https:\/\/iso-partner.fr\/en\/logistics-inventory-management\/\" \/>\n<meta property=\"og:locale\" content=\"en_GB\" \/>\n<meta property=\"og:type\" content=\"article\" \/>\n<meta property=\"og:title\" content=\"Iso Partner \u2013 Votre partenaire logisitique et gestion de stock\" \/>\n<meta property=\"og:description\" content=\"Un savoir-faire de 25 ans en logistique et gestion de stock dans un entrep\u00f4t s\u00e9curis\u00e9 id\u00e9alement situ\u00e9 en r\u00e9gion parisienne\" \/>\n<meta property=\"og:url\" content=\"https:\/\/iso-partner.fr\/en\/logistics-inventory-management\/\" \/>\n<meta property=\"og:site_name\" content=\"Iso Partner [EN]\" \/>\n<meta property=\"article:modified_time\" content=\"2025-02-14T09:43:01+00:00\" \/>\n<meta property=\"og:image\" content=\"https:\/\/iso-partner.fr\/en\/wp-content\/uploads\/sites\/2\/2020\/10\/iso-partner-logistique.jpg\" \/>\n\t<meta property=\"og:image:width\" content=\"1920\" \/>\n\t<meta property=\"og:image:height\" content=\"450\" \/>\n\t<meta property=\"og:image:type\" content=\"image\/jpeg\" \/>\n<meta name=\"twitter:card\" content=\"summary_large_image\" \/>\n<script type=\"application\/ld+json\" class=\"yoast-schema-graph\">{\"@context\":\"https:\/\/schema.org\",\"@graph\":[{\"@type\":\"WebPage\",\"@id\":\"https:\/\/iso-partner.fr\/en\/logistics-inventory-management\/\",\"url\":\"https:\/\/iso-partner.fr\/en\/logistics-inventory-management\/\",\"name\":\"Iso Partner \u2013 Votre partenaire logisitique et gestion de stock\",\"isPartOf\":{\"@id\":\"https:\/\/iso-partner.fr\/en\/#website\"},\"primaryImageOfPage\":{\"@id\":\"https:\/\/iso-partner.fr\/en\/logistics-inventory-management\/#primaryimage\"},\"image\":{\"@id\":\"https:\/\/iso-partner.fr\/en\/logistics-inventory-management\/#primaryimage\"},\"thumbnailUrl\":\"https:\/\/iso-partner.fr\/en\/wp-content\/uploads\/sites\/2\/2020\/10\/iso-partner-logistique.jpg\",\"datePublished\":\"2020-04-02T14:57:48+00:00\",\"dateModified\":\"2025-02-14T09:43:01+00:00\",\"description\":\"Un savoir-faire de 25 ans en logistique et gestion de stock dans un entrep\u00f4t s\u00e9curis\u00e9 id\u00e9alement situ\u00e9 en r\u00e9gion parisienne\",\"breadcrumb\":{\"@id\":\"https:\/\/iso-partner.fr\/en\/logistics-inventory-management\/#breadcrumb\"},\"inLanguage\":\"en-GB\",\"potentialAction\":[{\"@type\":\"ReadAction\",\"target\":[\"https:\/\/iso-partner.fr\/en\/logistics-inventory-management\/\"]}]},{\"@type\":\"ImageObject\",\"inLanguage\":\"en-GB\",\"@id\":\"https:\/\/iso-partner.fr\/en\/logistics-inventory-management\/#primaryimage\",\"url\":\"https:\/\/iso-partner.fr\/en\/wp-content\/uploads\/sites\/2\/2020\/10\/iso-partner-logistique.jpg\",\"contentUrl\":\"https:\/\/iso-partner.fr\/en\/wp-content\/uploads\/sites\/2\/2020\/10\/iso-partner-logistique.jpg\",\"width\":1920,\"height\":450},{\"@type\":\"BreadcrumbList\",\"@id\":\"https:\/\/iso-partner.fr\/en\/logistics-inventory-management\/#breadcrumb\",\"itemListElement\":[{\"@type\":\"ListItem\",\"position\":1,\"name\":\"Accueil\",\"item\":\"https:\/\/iso-partner.fr\/en\/\"},{\"@type\":\"ListItem\",\"position\":2,\"name\":\"Logistics\"}]},{\"@type\":\"WebSite\",\"@id\":\"https:\/\/iso-partner.fr\/en\/#website\",\"url\":\"https:\/\/iso-partner.fr\/en\/\",\"name\":\"Iso Partner [EN]\",\"description\":\"Un site utilisant Les sites de Iso Partner\",\"potentialAction\":[{\"@type\":\"SearchAction\",\"target\":{\"@type\":\"EntryPoint\",\"urlTemplate\":\"https:\/\/iso-partner.fr\/en\/?s={search_term_string}\"},\"query-input\":{\"@type\":\"PropertyValueSpecification\",\"valueRequired\":true,\"valueName\":\"search_term_string\"}}],\"inLanguage\":\"en-GB\"}]}<\/script>\n<!-- \/ Yoast SEO plugin. -->","yoast_head_json":{"title":"Iso Partner \u2013 Votre partenaire logisitique et gestion de stock","description":"Un savoir-faire de 25 ans en logistique et gestion de stock dans un entrep\u00f4t s\u00e9curis\u00e9 id\u00e9alement situ\u00e9 en r\u00e9gion parisienne","robots":{"index":"index","follow":"follow","max-snippet":"max-snippet:-1","max-image-preview":"max-image-preview:large","max-video-preview":"max-video-preview:-1"},"canonical":"https:\/\/iso-partner.fr\/en\/logistics-inventory-management\/","og_locale":"en_GB","og_type":"article","og_title":"Iso Partner \u2013 Votre partenaire logisitique et gestion de stock","og_description":"Un savoir-faire de 25 ans en logistique et gestion de stock dans un entrep\u00f4t s\u00e9curis\u00e9 id\u00e9alement situ\u00e9 en r\u00e9gion parisienne","og_url":"https:\/\/iso-partner.fr\/en\/logistics-inventory-management\/","og_site_name":"Iso Partner [EN]","article_modified_time":"2025-02-14T09:43:01+00:00","og_image":[{"width":1920,"height":450,"url":"https:\/\/iso-partner.fr\/en\/wp-content\/uploads\/sites\/2\/2020\/10\/iso-partner-logistique.jpg","type":"image\/jpeg"}],"twitter_card":"summary_large_image","schema":{"@context":"https:\/\/schema.org","@graph":[{"@type":"WebPage","@id":"https:\/\/iso-partner.fr\/en\/logistics-inventory-management\/","url":"https:\/\/iso-partner.fr\/en\/logistics-inventory-management\/","name":"Iso Partner \u2013 Votre partenaire logisitique et gestion de stock","isPartOf":{"@id":"https:\/\/iso-partner.fr\/en\/#website"},"primaryImageOfPage":{"@id":"https:\/\/iso-partner.fr\/en\/logistics-inventory-management\/#primaryimage"},"image":{"@id":"https:\/\/iso-partner.fr\/en\/logistics-inventory-management\/#primaryimage"},"thumbnailUrl":"https:\/\/iso-partner.fr\/en\/wp-content\/uploads\/sites\/2\/2020\/10\/iso-partner-logistique.jpg","datePublished":"2020-04-02T14:57:48+00:00","dateModified":"2025-02-14T09:43:01+00:00","description":"Un savoir-faire de 25 ans en logistique et gestion de stock dans un entrep\u00f4t s\u00e9curis\u00e9 id\u00e9alement situ\u00e9 en r\u00e9gion parisienne","breadcrumb":{"@id":"https:\/\/iso-partner.fr\/en\/logistics-inventory-management\/#breadcrumb"},"inLanguage":"en-GB","potentialAction":[{"@type":"ReadAction","target":["https:\/\/iso-partner.fr\/en\/logistics-inventory-management\/"]}]},{"@type":"ImageObject","inLanguage":"en-GB","@id":"https:\/\/iso-partner.fr\/en\/logistics-inventory-management\/#primaryimage","url":"https:\/\/iso-partner.fr\/en\/wp-content\/uploads\/sites\/2\/2020\/10\/iso-partner-logistique.jpg","contentUrl":"https:\/\/iso-partner.fr\/en\/wp-content\/uploads\/sites\/2\/2020\/10\/iso-partner-logistique.jpg","width":1920,"height":450},{"@type":"BreadcrumbList","@id":"https:\/\/iso-partner.fr\/en\/logistics-inventory-management\/#breadcrumb","itemListElement":[{"@type":"ListItem","position":1,"name":"Accueil","item":"https:\/\/iso-partner.fr\/en\/"},{"@type":"ListItem","position":2,"name":"Logistics"}]},{"@type":"WebSite","@id":"https:\/\/iso-partner.fr\/en\/#website","url":"https:\/\/iso-partner.fr\/en\/","name":"Iso Partner [EN]","description":"Un site utilisant Les sites de Iso Partner","potentialAction":[{"@type":"SearchAction","target":{"@type":"EntryPoint","urlTemplate":"https:\/\/iso-partner.fr\/en\/?s={search_term_string}"},"query-input":{"@type":"PropertyValueSpecification","valueRequired":true,"valueName":"search_term_string"}}],"inLanguage":"en-GB"}]}},"_links":{"self":[{"href":"https:\/\/iso-partner.fr\/en\/wp-json\/wp\/v2\/pages\/68","targetHints":{"allow":["GET"]}}],"collection":[{"href":"https:\/\/iso-partner.fr\/en\/wp-json\/wp\/v2\/pages"}],"about":[{"href":"https:\/\/iso-partner.fr\/en\/wp-json\/wp\/v2\/types\/page"}],"author":[{"embeddable":true,"href":"https:\/\/iso-partner.fr\/en\/wp-json\/wp\/v2\/users\/1"}],"replies":[{"embeddable":true,"href":"https:\/\/iso-partner.fr\/en\/wp-json\/wp\/v2\/comments?post=68"}],"version-history":[{"count":10,"href":"https:\/\/iso-partner.fr\/en\/wp-json\/wp\/v2\/pages\/68\/revisions"}],"predecessor-version":[{"id":381,"href":"https:\/\/iso-partner.fr\/en\/wp-json\/wp\/v2\/pages\/68\/revisions\/381"}],"wp:featuredmedia":[{"embeddable":true,"href":"https:\/\/iso-partner.fr\/en\/wp-json\/wp\/v2\/media\/211"}],"wp:attachment":[{"href":"https:\/\/iso-partner.fr\/en\/wp-json\/wp\/v2\/media?parent=68"}],"wp:term":[{"taxonomy":"category","embeddable":true,"href":"https:\/\/iso-partner.fr\/en\/wp-json\/wp\/v2\/categories?post=68"}],"curies":[{"name":"wp","href":"https:\/\/api.w.org\/{rel}","templated":true}]}}