{"id":17,"date":"2020-03-11T16:08:56","date_gmt":"2020-03-11T15:08:56","guid":{"rendered":"https:\/\/iso-partner.fr\/?page_id=17"},"modified":"2020-11-27T12:14:40","modified_gmt":"2020-11-27T11:14:40","slug":"contact","status":"publish","type":"page","link":"https:\/\/iso-partner.fr\/en\/contact\/","title":{"rendered":"Contact us"},"content":{"rendered":"<section class=\"white\">\n\t\n\t<div class=\"container\">\n\t\t<div class=\"row intro\">\n\t\t\t<div class=\"col-lg-12 col-md-12 col-sm-12 mx-0 px-0\">\n\t\t\t\t<h2>We&#8217;re standing by<\/h2>\n\t\t\t\t<h3>\n\t\t\t\t\n\t\t\t\t\tWe have a custom-tailored solution for all your transport and logistics needs.<br>\nContact us at <b>+33 (0)1 64 49 58 58<\/b> or fill out the form below:\t\t\t\t\n\t\t\t\t<\/h3>\n\t\t\t<\/div>\n\t\t<\/div>\n\t\t\t<\/div>\n\t\n<\/section>","protected":false},"excerpt":{"rendered":"<p>Iso Partner \u2013 Contact us<br \/>\nContact Iso Partner and explain your logistics or transport needs. We&#8217;ll provide you with a personalized solution tailored to your request.<\/p>\n","protected":false},"author":1,"featured_media":127,"parent":0,"menu_order":50,"comment_status":"closed","ping_status":"closed","template":"page-contact.php","meta":{"footnotes":""},"categories":[],"class_list":["post-17","page","type-page","status-publish","has-post-thumbnail","hentry"],"yoast_head":"<!-- This site is optimized with the Yoast SEO plugin v27.1.1 - https:\/\/yoast.com\/product\/yoast-seo-wordpress\/ -->\n<title>Iso Partner \u2013 Contactez-nous<\/title>\n<meta name=\"description\" content=\"Contactez Iso Partner et expliquez-nous votre besoin en logistique ou transport, une r\u00e9ponse adapt\u00e9e et personnalis\u00e9e vous sera apport\u00e9e.\" \/>\n<meta name=\"robots\" content=\"index, follow, max-snippet:-1, max-image-preview:large, max-video-preview:-1\" \/>\n<link rel=\"canonical\" href=\"https:\/\/iso-partner.fr\/en\/contact\/\" \/>\n<meta property=\"og:locale\" content=\"en_GB\" \/>\n<meta property=\"og:type\" content=\"article\" \/>\n<meta property=\"og:title\" content=\"Iso Partner \u2013 Contactez-nous\" \/>\n<meta property=\"og:description\" content=\"Contactez Iso Partner et expliquez-nous votre besoin en logistique ou transport, une r\u00e9ponse adapt\u00e9e et personnalis\u00e9e vous sera apport\u00e9e.\" \/>\n<meta property=\"og:url\" content=\"https:\/\/iso-partner.fr\/en\/contact\/\" \/>\n<meta property=\"og:site_name\" content=\"Iso Partner [EN]\" \/>\n<meta property=\"article:modified_time\" content=\"2020-11-27T11:14:40+00:00\" \/>\n<meta property=\"og:image\" content=\"https:\/\/iso-partner.fr\/en\/wp-content\/uploads\/sites\/2\/2020\/07\/iso-partner-accueil-7.jpg\" \/>\n\t<meta property=\"og:image:width\" content=\"1920\" \/>\n\t<meta property=\"og:image:height\" content=\"689\" \/>\n\t<meta property=\"og:image:type\" content=\"image\/jpeg\" \/>\n<meta name=\"twitter:card\" content=\"summary_large_image\" \/>\n<script type=\"application\/ld+json\" class=\"yoast-schema-graph\">{\"@context\":\"https:\/\/schema.org\",\"@graph\":[{\"@type\":\"WebPage\",\"@id\":\"https:\/\/iso-partner.fr\/en\/contact\/\",\"url\":\"https:\/\/iso-partner.fr\/en\/contact\/\",\"name\":\"Iso Partner \u2013 Contactez-nous\",\"isPartOf\":{\"@id\":\"https:\/\/iso-partner.fr\/en\/#website\"},\"primaryImageOfPage\":{\"@id\":\"https:\/\/iso-partner.fr\/en\/contact\/#primaryimage\"},\"image\":{\"@id\":\"https:\/\/iso-partner.fr\/en\/contact\/#primaryimage\"},\"thumbnailUrl\":\"https:\/\/iso-partner.fr\/en\/wp-content\/uploads\/sites\/2\/2020\/07\/iso-partner-accueil-7.jpg\",\"datePublished\":\"2020-03-11T15:08:56+00:00\",\"dateModified\":\"2020-11-27T11:14:40+00:00\",\"description\":\"Contactez Iso Partner et expliquez-nous votre besoin en logistique ou transport, une r\u00e9ponse adapt\u00e9e et personnalis\u00e9e vous sera apport\u00e9e.\",\"breadcrumb\":{\"@id\":\"https:\/\/iso-partner.fr\/en\/contact\/#breadcrumb\"},\"inLanguage\":\"en-GB\",\"potentialAction\":[{\"@type\":\"ReadAction\",\"target\":[\"https:\/\/iso-partner.fr\/en\/contact\/\"]}]},{\"@type\":\"ImageObject\",\"inLanguage\":\"en-GB\",\"@id\":\"https:\/\/iso-partner.fr\/en\/contact\/#primaryimage\",\"url\":\"https:\/\/iso-partner.fr\/en\/wp-content\/uploads\/sites\/2\/2020\/07\/iso-partner-accueil-7.jpg\",\"contentUrl\":\"https:\/\/iso-partner.fr\/en\/wp-content\/uploads\/sites\/2\/2020\/07\/iso-partner-accueil-7.jpg\",\"width\":1920,\"height\":689},{\"@type\":\"BreadcrumbList\",\"@id\":\"https:\/\/iso-partner.fr\/en\/contact\/#breadcrumb\",\"itemListElement\":[{\"@type\":\"ListItem\",\"position\":1,\"name\":\"Accueil\",\"item\":\"https:\/\/iso-partner.fr\/en\/\"},{\"@type\":\"ListItem\",\"position\":2,\"name\":\"Contact us\"}]},{\"@type\":\"WebSite\",\"@id\":\"https:\/\/iso-partner.fr\/en\/#website\",\"url\":\"https:\/\/iso-partner.fr\/en\/\",\"name\":\"Iso Partner [EN]\",\"description\":\"Un site utilisant Les sites de Iso Partner\",\"potentialAction\":[{\"@type\":\"SearchAction\",\"target\":{\"@type\":\"EntryPoint\",\"urlTemplate\":\"https:\/\/iso-partner.fr\/en\/?s={search_term_string}\"},\"query-input\":{\"@type\":\"PropertyValueSpecification\",\"valueRequired\":true,\"valueName\":\"search_term_string\"}}],\"inLanguage\":\"en-GB\"}]}<\/script>\n<!-- \/ Yoast SEO plugin. -->","yoast_head_json":{"title":"Iso Partner \u2013 Contactez-nous","description":"Contactez Iso Partner et expliquez-nous votre besoin en logistique ou transport, une r\u00e9ponse adapt\u00e9e et personnalis\u00e9e vous sera apport\u00e9e.","robots":{"index":"index","follow":"follow","max-snippet":"max-snippet:-1","max-image-preview":"max-image-preview:large","max-video-preview":"max-video-preview:-1"},"canonical":"https:\/\/iso-partner.fr\/en\/contact\/","og_locale":"en_GB","og_type":"article","og_title":"Iso Partner \u2013 Contactez-nous","og_description":"Contactez Iso Partner et expliquez-nous votre besoin en logistique ou transport, une r\u00e9ponse adapt\u00e9e et personnalis\u00e9e vous sera apport\u00e9e.","og_url":"https:\/\/iso-partner.fr\/en\/contact\/","og_site_name":"Iso Partner [EN]","article_modified_time":"2020-11-27T11:14:40+00:00","og_image":[{"width":1920,"height":689,"url":"https:\/\/iso-partner.fr\/en\/wp-content\/uploads\/sites\/2\/2020\/07\/iso-partner-accueil-7.jpg","type":"image\/jpeg"}],"twitter_card":"summary_large_image","schema":{"@context":"https:\/\/schema.org","@graph":[{"@type":"WebPage","@id":"https:\/\/iso-partner.fr\/en\/contact\/","url":"https:\/\/iso-partner.fr\/en\/contact\/","name":"Iso Partner \u2013 Contactez-nous","isPartOf":{"@id":"https:\/\/iso-partner.fr\/en\/#website"},"primaryImageOfPage":{"@id":"https:\/\/iso-partner.fr\/en\/contact\/#primaryimage"},"image":{"@id":"https:\/\/iso-partner.fr\/en\/contact\/#primaryimage"},"thumbnailUrl":"https:\/\/iso-partner.fr\/en\/wp-content\/uploads\/sites\/2\/2020\/07\/iso-partner-accueil-7.jpg","datePublished":"2020-03-11T15:08:56+00:00","dateModified":"2020-11-27T11:14:40+00:00","description":"Contactez Iso Partner et expliquez-nous votre besoin en logistique ou transport, une r\u00e9ponse adapt\u00e9e et personnalis\u00e9e vous sera apport\u00e9e.","breadcrumb":{"@id":"https:\/\/iso-partner.fr\/en\/contact\/#breadcrumb"},"inLanguage":"en-GB","potentialAction":[{"@type":"ReadAction","target":["https:\/\/iso-partner.fr\/en\/contact\/"]}]},{"@type":"ImageObject","inLanguage":"en-GB","@id":"https:\/\/iso-partner.fr\/en\/contact\/#primaryimage","url":"https:\/\/iso-partner.fr\/en\/wp-content\/uploads\/sites\/2\/2020\/07\/iso-partner-accueil-7.jpg","contentUrl":"https:\/\/iso-partner.fr\/en\/wp-content\/uploads\/sites\/2\/2020\/07\/iso-partner-accueil-7.jpg","width":1920,"height":689},{"@type":"BreadcrumbList","@id":"https:\/\/iso-partner.fr\/en\/contact\/#breadcrumb","itemListElement":[{"@type":"ListItem","position":1,"name":"Accueil","item":"https:\/\/iso-partner.fr\/en\/"},{"@type":"ListItem","position":2,"name":"Contact us"}]},{"@type":"WebSite","@id":"https:\/\/iso-partner.fr\/en\/#website","url":"https:\/\/iso-partner.fr\/en\/","name":"Iso Partner [EN]","description":"Un site utilisant Les sites de Iso Partner","potentialAction":[{"@type":"SearchAction","target":{"@type":"EntryPoint","urlTemplate":"https:\/\/iso-partner.fr\/en\/?s={search_term_string}"},"query-input":{"@type":"PropertyValueSpecification","valueRequired":true,"valueName":"search_term_string"}}],"inLanguage":"en-GB"}]}},"_links":{"self":[{"href":"https:\/\/iso-partner.fr\/en\/wp-json\/wp\/v2\/pages\/17","targetHints":{"allow":["GET"]}}],"collection":[{"href":"https:\/\/iso-partner.fr\/en\/wp-json\/wp\/v2\/pages"}],"about":[{"href":"https:\/\/iso-partner.fr\/en\/wp-json\/wp\/v2\/types\/page"}],"author":[{"embeddable":true,"href":"https:\/\/iso-partner.fr\/en\/wp-json\/wp\/v2\/users\/1"}],"replies":[{"embeddable":true,"href":"https:\/\/iso-partner.fr\/en\/wp-json\/wp\/v2\/comments?post=17"}],"version-history":[{"count":3,"href":"https:\/\/iso-partner.fr\/en\/wp-json\/wp\/v2\/pages\/17\/revisions"}],"predecessor-version":[{"id":297,"href":"https:\/\/iso-partner.fr\/en\/wp-json\/wp\/v2\/pages\/17\/revisions\/297"}],"wp:featuredmedia":[{"embeddable":true,"href":"https:\/\/iso-partner.fr\/en\/wp-json\/wp\/v2\/media\/127"}],"wp:attachment":[{"href":"https:\/\/iso-partner.fr\/en\/wp-json\/wp\/v2\/media?parent=17"}],"wp:term":[{"taxonomy":"category","embeddable":true,"href":"https:\/\/iso-partner.fr\/en\/wp-json\/wp\/v2\/categories?post=17"}],"curies":[{"name":"wp","href":"https:\/\/api.w.org\/{rel}","templated":true}]}}