{"id":13,"date":"2020-03-11T16:08:39","date_gmt":"2020-03-11T15:08:39","guid":{"rendered":"https:\/\/iso-partner.fr\/?page_id=13"},"modified":"2025-01-22T11:19:41","modified_gmt":"2025-01-22T10:19:41","slug":"about-iso-partner","status":"publish","type":"page","link":"https:\/\/iso-partner.fr\/en\/about-iso-partner\/","title":{"rendered":"About us"},"content":{"rendered":"<section class=\"white\">\n\t\n\t<div class=\"container\">\n\t\t<div class=\"row intro\">\n\t\t\t<div class=\"col-lg-12 col-md-12 col-sm-12 mx-0 px-0\">\n\t\t\t\t<h2>Who we are<\/h2>\n\t\t\t\t<h3>\n\t\t\t\t\n\t\t\t\t\t<p>Iso Partner is a company founded in 1995 that specializes in logistics and goods transport.\nWe draw from our 30 years of experience to provide storage solutions tailored to the characteristics of your products.<br>\nWe also offer courier services across all distances, freight shipments, parcel shipments, and more. <\/p>\n\n<p>Iso Partner is based in Les Ulis at the Courtaboeuf business park, a location that provides us with quick access to all major roads in the Paris region.<\/p>\n\n<p>Our attentive team is limited in size and trained to communicate effectively.<br>\nWe have one goal: to handle all the complicated logistics operations for our customers, so that they can focus on their core business with peace of mind.\n<\/p>\n\n<p>We constantly review and improve our methods to meet emerging customer needs. <\/p>\t\t\t\t\n\t\t\t\t<\/h3>\n\t\t\t<\/div>\n\t\t<\/div>\n\t\t\t<\/div>\n\t\n<\/section>\n\n<section class=\"highlight bkg-light-orange\">\n\t\n\t<div class=\"container\">\n\t\t<div class=\"row\">\n\t\t\t<div class=\"col-lg-2 col-md-3 col-sm-12\">\n\t\t\t\t<img decoding=\"async\" src=\"https:\/\/iso-partner.fr\/en\/wp-content\/uploads\/sites\/2\/2020\/04\/iso-partner-a-propos-colis.png\" width=\"100%\" alt=\"Ic\u00f4ne colis A propos d'Iso Partner\">\t\t\t\t\t\t\n\t\t\t<\/div>\n\t\t\t<div class=\"col-lg-10 col-md-9 col-sm-12\">\n\t\t\t\t<h3>A bit more than just transport and logistics!<\/h3>\n\t\t\t\t<p>There&#8217;s no limit to the list of services our motivated, dynamic, enthusiastic teams can offer!<\/p>\n\t\t\t<\/div>\n\t\t<\/div>\n\t<\/div>\n<\/section>\n\n<section class=\"question bkg-orange\">\n\t<div class=\"container\">\n\t\t<div class=\"row\">\n\t\t\t<div class=\"col-lg-8 col-md-8 col-sm-12\">\n\t\t\t\t<h3>Have a question or a specific request?<\/h3>\t\t\t\t\t\n\t\t\t<\/div>\n\t\t\t<div class=\"col-lg-4 col-md-4 col-sm-12\">\n<!-- \t\t\t\t<a href=\"\/contact\" class=\"btn btn-isogris\" title=\"Contactez-nous\">Contactez-nous<\/a> -->\n\t\t\t\t<button class=\"btn btn-isogris\" onclick=\"location.href='++';\" class=\"btn btn-gris\">Contact us<\/button>\n\t\t\t<\/div>\n\t\t<\/div>\n\t<\/div>\n<\/section>","protected":false},"excerpt":{"rendered":"<p>Iso Partner \u2013 About Iso Partner<br \/>\nIso Partner is a company founded in 1995 specializing in logistics and goods transport, which offers custom storage solutions<\/p>\n","protected":false},"author":1,"featured_media":141,"parent":0,"menu_order":30,"comment_status":"closed","ping_status":"closed","template":"","meta":{"footnotes":""},"categories":[],"class_list":["post-13","page","type-page","status-publish","has-post-thumbnail","hentry"],"yoast_head":"<!-- This site is optimized with the Yoast SEO plugin v27.1.1 - https:\/\/yoast.com\/product\/yoast-seo-wordpress\/ -->\n<title>Iso Partner \u2013 \u00c0 propos d&#039;Iso Partner<\/title>\n<meta name=\"description\" content=\"Iso Partner est une entreprise cr\u00e9\u00e9e en 1995, sp\u00e9cialis\u00e9e dans la logistique et le transport de marchandises, proposant des solutions de stockage adapt\u00e9es\" \/>\n<meta name=\"robots\" content=\"index, follow, max-snippet:-1, max-image-preview:large, max-video-preview:-1\" \/>\n<link rel=\"canonical\" href=\"https:\/\/iso-partner.fr\/en\/about-iso-partner\/\" \/>\n<meta property=\"og:locale\" content=\"en_GB\" \/>\n<meta property=\"og:type\" content=\"article\" \/>\n<meta property=\"og:title\" content=\"Iso Partner \u2013 \u00c0 propos d&#039;Iso Partner\" \/>\n<meta property=\"og:description\" content=\"Iso Partner est une entreprise cr\u00e9\u00e9e en 1995, sp\u00e9cialis\u00e9e dans la logistique et le transport de marchandises, proposant des solutions de stockage adapt\u00e9es\" \/>\n<meta property=\"og:url\" content=\"https:\/\/iso-partner.fr\/en\/about-iso-partner\/\" \/>\n<meta property=\"og:site_name\" content=\"Iso Partner [EN]\" \/>\n<meta property=\"article:modified_time\" content=\"2025-01-22T10:19:41+00:00\" \/>\n<meta property=\"og:image\" content=\"https:\/\/iso-partner.fr\/en\/wp-content\/uploads\/sites\/2\/2020\/07\/iso-partner-a-propos.jpg\" \/>\n\t<meta property=\"og:image:width\" content=\"1920\" \/>\n\t<meta property=\"og:image:height\" content=\"450\" \/>\n\t<meta property=\"og:image:type\" content=\"image\/jpeg\" \/>\n<meta name=\"twitter:card\" content=\"summary_large_image\" \/>\n<script type=\"application\/ld+json\" class=\"yoast-schema-graph\">{\"@context\":\"https:\/\/schema.org\",\"@graph\":[{\"@type\":\"WebPage\",\"@id\":\"https:\/\/iso-partner.fr\/en\/about-iso-partner\/\",\"url\":\"https:\/\/iso-partner.fr\/en\/about-iso-partner\/\",\"name\":\"Iso Partner \u2013 \u00c0 propos d'Iso Partner\",\"isPartOf\":{\"@id\":\"https:\/\/iso-partner.fr\/en\/#website\"},\"primaryImageOfPage\":{\"@id\":\"https:\/\/iso-partner.fr\/en\/about-iso-partner\/#primaryimage\"},\"image\":{\"@id\":\"https:\/\/iso-partner.fr\/en\/about-iso-partner\/#primaryimage\"},\"thumbnailUrl\":\"https:\/\/iso-partner.fr\/en\/wp-content\/uploads\/sites\/2\/2020\/07\/iso-partner-a-propos.jpg\",\"datePublished\":\"2020-03-11T15:08:39+00:00\",\"dateModified\":\"2025-01-22T10:19:41+00:00\",\"description\":\"Iso Partner est une entreprise cr\u00e9\u00e9e en 1995, sp\u00e9cialis\u00e9e dans la logistique et le transport de marchandises, proposant des solutions de stockage adapt\u00e9es\",\"breadcrumb\":{\"@id\":\"https:\/\/iso-partner.fr\/en\/about-iso-partner\/#breadcrumb\"},\"inLanguage\":\"en-GB\",\"potentialAction\":[{\"@type\":\"ReadAction\",\"target\":[\"https:\/\/iso-partner.fr\/en\/about-iso-partner\/\"]}]},{\"@type\":\"ImageObject\",\"inLanguage\":\"en-GB\",\"@id\":\"https:\/\/iso-partner.fr\/en\/about-iso-partner\/#primaryimage\",\"url\":\"https:\/\/iso-partner.fr\/en\/wp-content\/uploads\/sites\/2\/2020\/07\/iso-partner-a-propos.jpg\",\"contentUrl\":\"https:\/\/iso-partner.fr\/en\/wp-content\/uploads\/sites\/2\/2020\/07\/iso-partner-a-propos.jpg\",\"width\":1920,\"height\":450},{\"@type\":\"BreadcrumbList\",\"@id\":\"https:\/\/iso-partner.fr\/en\/about-iso-partner\/#breadcrumb\",\"itemListElement\":[{\"@type\":\"ListItem\",\"position\":1,\"name\":\"Accueil\",\"item\":\"https:\/\/iso-partner.fr\/en\/\"},{\"@type\":\"ListItem\",\"position\":2,\"name\":\"About us\"}]},{\"@type\":\"WebSite\",\"@id\":\"https:\/\/iso-partner.fr\/en\/#website\",\"url\":\"https:\/\/iso-partner.fr\/en\/\",\"name\":\"Iso Partner [EN]\",\"description\":\"Un site utilisant Les sites de Iso Partner\",\"potentialAction\":[{\"@type\":\"SearchAction\",\"target\":{\"@type\":\"EntryPoint\",\"urlTemplate\":\"https:\/\/iso-partner.fr\/en\/?s={search_term_string}\"},\"query-input\":{\"@type\":\"PropertyValueSpecification\",\"valueRequired\":true,\"valueName\":\"search_term_string\"}}],\"inLanguage\":\"en-GB\"}]}<\/script>\n<!-- \/ Yoast SEO plugin. -->","yoast_head_json":{"title":"Iso Partner \u2013 \u00c0 propos d'Iso Partner","description":"Iso Partner est une entreprise cr\u00e9\u00e9e en 1995, sp\u00e9cialis\u00e9e dans la logistique et le transport de marchandises, proposant des solutions de stockage adapt\u00e9es","robots":{"index":"index","follow":"follow","max-snippet":"max-snippet:-1","max-image-preview":"max-image-preview:large","max-video-preview":"max-video-preview:-1"},"canonical":"https:\/\/iso-partner.fr\/en\/about-iso-partner\/","og_locale":"en_GB","og_type":"article","og_title":"Iso Partner \u2013 \u00c0 propos d'Iso Partner","og_description":"Iso Partner est une entreprise cr\u00e9\u00e9e en 1995, sp\u00e9cialis\u00e9e dans la logistique et le transport de marchandises, proposant des solutions de stockage adapt\u00e9es","og_url":"https:\/\/iso-partner.fr\/en\/about-iso-partner\/","og_site_name":"Iso Partner [EN]","article_modified_time":"2025-01-22T10:19:41+00:00","og_image":[{"width":1920,"height":450,"url":"https:\/\/iso-partner.fr\/en\/wp-content\/uploads\/sites\/2\/2020\/07\/iso-partner-a-propos.jpg","type":"image\/jpeg"}],"twitter_card":"summary_large_image","schema":{"@context":"https:\/\/schema.org","@graph":[{"@type":"WebPage","@id":"https:\/\/iso-partner.fr\/en\/about-iso-partner\/","url":"https:\/\/iso-partner.fr\/en\/about-iso-partner\/","name":"Iso Partner \u2013 \u00c0 propos d'Iso Partner","isPartOf":{"@id":"https:\/\/iso-partner.fr\/en\/#website"},"primaryImageOfPage":{"@id":"https:\/\/iso-partner.fr\/en\/about-iso-partner\/#primaryimage"},"image":{"@id":"https:\/\/iso-partner.fr\/en\/about-iso-partner\/#primaryimage"},"thumbnailUrl":"https:\/\/iso-partner.fr\/en\/wp-content\/uploads\/sites\/2\/2020\/07\/iso-partner-a-propos.jpg","datePublished":"2020-03-11T15:08:39+00:00","dateModified":"2025-01-22T10:19:41+00:00","description":"Iso Partner est une entreprise cr\u00e9\u00e9e en 1995, sp\u00e9cialis\u00e9e dans la logistique et le transport de marchandises, proposant des solutions de stockage adapt\u00e9es","breadcrumb":{"@id":"https:\/\/iso-partner.fr\/en\/about-iso-partner\/#breadcrumb"},"inLanguage":"en-GB","potentialAction":[{"@type":"ReadAction","target":["https:\/\/iso-partner.fr\/en\/about-iso-partner\/"]}]},{"@type":"ImageObject","inLanguage":"en-GB","@id":"https:\/\/iso-partner.fr\/en\/about-iso-partner\/#primaryimage","url":"https:\/\/iso-partner.fr\/en\/wp-content\/uploads\/sites\/2\/2020\/07\/iso-partner-a-propos.jpg","contentUrl":"https:\/\/iso-partner.fr\/en\/wp-content\/uploads\/sites\/2\/2020\/07\/iso-partner-a-propos.jpg","width":1920,"height":450},{"@type":"BreadcrumbList","@id":"https:\/\/iso-partner.fr\/en\/about-iso-partner\/#breadcrumb","itemListElement":[{"@type":"ListItem","position":1,"name":"Accueil","item":"https:\/\/iso-partner.fr\/en\/"},{"@type":"ListItem","position":2,"name":"About us"}]},{"@type":"WebSite","@id":"https:\/\/iso-partner.fr\/en\/#website","url":"https:\/\/iso-partner.fr\/en\/","name":"Iso Partner [EN]","description":"Un site utilisant Les sites de Iso Partner","potentialAction":[{"@type":"SearchAction","target":{"@type":"EntryPoint","urlTemplate":"https:\/\/iso-partner.fr\/en\/?s={search_term_string}"},"query-input":{"@type":"PropertyValueSpecification","valueRequired":true,"valueName":"search_term_string"}}],"inLanguage":"en-GB"}]}},"_links":{"self":[{"href":"https:\/\/iso-partner.fr\/en\/wp-json\/wp\/v2\/pages\/13","targetHints":{"allow":["GET"]}}],"collection":[{"href":"https:\/\/iso-partner.fr\/en\/wp-json\/wp\/v2\/pages"}],"about":[{"href":"https:\/\/iso-partner.fr\/en\/wp-json\/wp\/v2\/types\/page"}],"author":[{"embeddable":true,"href":"https:\/\/iso-partner.fr\/en\/wp-json\/wp\/v2\/users\/1"}],"replies":[{"embeddable":true,"href":"https:\/\/iso-partner.fr\/en\/wp-json\/wp\/v2\/comments?post=13"}],"version-history":[{"count":7,"href":"https:\/\/iso-partner.fr\/en\/wp-json\/wp\/v2\/pages\/13\/revisions"}],"predecessor-version":[{"id":378,"href":"https:\/\/iso-partner.fr\/en\/wp-json\/wp\/v2\/pages\/13\/revisions\/378"}],"wp:featuredmedia":[{"embeddable":true,"href":"https:\/\/iso-partner.fr\/en\/wp-json\/wp\/v2\/media\/141"}],"wp:attachment":[{"href":"https:\/\/iso-partner.fr\/en\/wp-json\/wp\/v2\/media?parent=13"}],"wp:term":[{"taxonomy":"category","embeddable":true,"href":"https:\/\/iso-partner.fr\/en\/wp-json\/wp\/v2\/categories?post=13"}],"curies":[{"name":"wp","href":"https:\/\/api.w.org\/{rel}","templated":true}]}}